{"id":593,"date":"2026-03-23T17:47:03","date_gmt":"2026-03-23T16:47:03","guid":{"rendered":"https:\/\/pojednanie.org.pl\/?page_id=593"},"modified":"2026-03-23T18:05:09","modified_gmt":"2026-03-23T17:05:09","slug":"o-fundacji","status":"publish","type":"page","link":"https:\/\/pojednanie.org.pl\/index.php\/o-fundacji\/","title":{"rendered":"O Fundacji"},"content":{"rendered":"\t\t<div data-elementor-type=\"wp-page\" data-elementor-id=\"593\" class=\"elementor elementor-593\">\n\t\t\t\t\t\t<section class=\"elementor-section elementor-top-section elementor-element elementor-element-sy7ag2m elementor-section-content-top elementor-section-boxed elementor-section-height-default elementor-section-height-default\" data-id=\"sy7ag2m\" data-element_type=\"section\" data-e-type=\"section\" data-settings=\"{&quot;background_background&quot;:&quot;classic&quot;}\">\n\t\t\t\t\t\t\t<div class=\"elementor-background-overlay\"><\/div>\n\t\t\t\t\t\t\t<div class=\"elementor-container elementor-column-gap-no\">\n\t\t\t\t\t<div class=\"elementor-column elementor-col-50 elementor-top-column elementor-element elementor-element-233a7da\" data-id=\"233a7da\" data-element_type=\"column\" data-e-type=\"column\">\n\t\t\t<div class=\"elementor-widget-wrap elementor-element-populated\">\n\t\t\t\t\t\t<div class=\"elementor-element elementor-element-064b7e8 elementor-widget elementor-widget-heading\" data-id=\"064b7e8\" data-element_type=\"widget\" data-e-type=\"widget\" data-widget_type=\"heading.default\">\n\t\t\t\t<div class=\"elementor-widget-container\">\n\t\t\t\t\t<h5 class=\"elementor-heading-title elementor-size-default\">Poznaj nasz\u0105 misj\u0119 i histori\u0119<\/h5>\t\t\t\t<\/div>\n\t\t\t\t<\/div>\n\t\t\t\t<div class=\"elementor-element elementor-element-baf6b33 elementor-widget elementor-widget-heading\" data-id=\"baf6b33\" data-element_type=\"widget\" data-e-type=\"widget\" data-widget_type=\"heading.default\">\n\t\t\t\t<div class=\"elementor-widget-container\">\n\t\t\t\t\t<h2 class=\"elementor-heading-title elementor-size-default\">Fundacja \u201ePojednanie\u201d<\/h2>\t\t\t\t<\/div>\n\t\t\t\t<\/div>\n\t\t\t\t\t<\/div>\n\t\t<\/div>\n\t\t\t\t<div class=\"elementor-column elementor-col-50 elementor-top-column elementor-element elementor-element-d4838ed\" data-id=\"d4838ed\" data-element_type=\"column\" data-e-type=\"column\">\n\t\t\t<div class=\"elementor-widget-wrap elementor-element-populated\">\n\t\t\t\t\t\t<div class=\"elementor-element elementor-element-36d0fcb elementor-vertical-align-top elementor-widget elementor-widget-image-box\" data-id=\"36d0fcb\" data-element_type=\"widget\" data-e-type=\"widget\" data-widget_type=\"image-box.default\">\n\t\t\t\t<div class=\"elementor-widget-container\">\n\t\t\t\t\t<div class=\"elementor-image-box-wrapper\"><div class=\"elementor-image-box-content\"><h4 class=\"elementor-image-box-title\">Budujemy mosty mi\u0119dzy przesz\u0142o\u015bci\u0105 a przysz\u0142o\u015bci\u0105<\/h4><p class=\"elementor-image-box-description\">Fundacja \u201ePojednanie\u201d, z siedzib\u0105 w \u015awiebodzicach przy ul. Strzegomskiej 1\/3, to organizacja powo\u0142ana na czas nieoznaczony, kt\u00f3rej fundamentem jest ochrona dziedzictwa kulturowego oraz aktywna pomoc potrzebuj\u0105cym. Od momentu wpisania do Krajowego Rejestru S\u0105dowego pod numerem KRS: 0000888734, konsekwentnie budujemy przestrze\u0144, w kt\u00f3rej historia spotyka si\u0119 z nowoczesn\u0105 misj\u0105 spo\u0142eczn\u0105.<\/p><\/div><\/div>\t\t\t\t<\/div>\n\t\t\t\t<\/div>\n\t\t\t\t<div class=\"elementor-element elementor-element-52d516a elementor-vertical-align-top elementor-widget elementor-widget-image-box\" data-id=\"52d516a\" data-element_type=\"widget\" data-e-type=\"widget\" data-widget_type=\"image-box.default\">\n\t\t\t\t<div class=\"elementor-widget-container\">\n\t\t\t\t\t<div class=\"elementor-image-box-wrapper\"><div class=\"elementor-image-box-content\"><h4 class=\"elementor-image-box-title\">Nasze serce bije w Wa\u0142brzychu<\/h4><p class=\"elementor-image-box-description\">Kluczowym punktem naszej dzia\u0142alno\u015bci od 19 maja 2021 roku jest zabytkowa nieruchomo\u015b\u0107 w Wa\u0142brzychu (dzielnica Szczawienko) przy ul. Wieniawskiego 3-5. Jest to wyj\u0105tkowy obiekt po by\u0142ej Parafii Ko\u015bcio\u0142a Ewangelicko-Augsburskiego, kt\u00f3ry z pasj\u0105 przywracamy do \u017cycia. <\/p><\/div><\/div>\t\t\t\t<\/div>\n\t\t\t\t<\/div>\n\t\t\t\t\t<\/div>\n\t\t<\/div>\n\t\t\t\t\t<\/div>\n\t\t<\/section>\n\t\t\t\t<section class=\"elementor-section elementor-top-section elementor-element elementor-element-cr9mqv2 elementor-section-content-middle elementor-section-boxed elementor-section-height-default elementor-section-height-default\" data-id=\"cr9mqv2\" data-element_type=\"section\" data-e-type=\"section\" data-settings=\"{&quot;background_background&quot;:&quot;classic&quot;}\">\n\t\t\t\t\t\t<div class=\"elementor-container elementor-column-gap-default\">\n\t\t\t\t\t<div class=\"elementor-column elementor-col-33 elementor-top-column elementor-element elementor-element-c74b982\" data-id=\"c74b982\" data-element_type=\"column\" data-e-type=\"column\">\n\t\t\t<div class=\"elementor-widget-wrap elementor-element-populated\">\n\t\t\t\t\t\t<div class=\"elementor-element elementor-element-1975447 elementor-widget elementor-widget-heading\" data-id=\"1975447\" data-element_type=\"widget\" data-e-type=\"widget\" data-widget_type=\"heading.default\">\n\t\t\t\t<div class=\"elementor-widget-container\">\n\t\t\t\t\t<h3 class=\"elementor-heading-title elementor-size-default\">Transparentno\u015b\u0107 i Zarz\u0105dzanie<\/h3>\t\t\t\t<\/div>\n\t\t\t\t<\/div>\n\t\t\t\t<div class=\"elementor-element elementor-element-beb73e4 elementor-widget elementor-widget-text-editor\" data-id=\"beb73e4\" data-element_type=\"widget\" data-e-type=\"widget\" data-widget_type=\"text-editor.default\">\n\t\t\t\t<div class=\"elementor-widget-container\">\n\t\t\t\t\t\t\t\t\t<p id=\"p-rc_7ed2723ab1de0467-86\" data-path-to-node=\"11\"><span data-path-to-node=\"11,1\"><span class=\"citation-310\">Dzia\u0142amy w spos\u00f3b przejrzysty na terenie ca\u0142ej Polski<\/span><\/span><span data-path-to-node=\"11,3\">. <\/span><span data-path-to-node=\"11,5\"><span class=\"citation-309\">Wszystkie nasze przychody statutowe <\/span><span class=\"citation-309\">s\u0105 inwestowane w cele misyjne<\/span><\/span><span data-path-to-node=\"11,7\">. <\/span><span data-path-to-node=\"11,9\"><span class=\"citation-308\">Fundacja nie prowadzi dzia\u0142alno\u015bci gospodarczej, skupiaj\u0105c si\u0119 wy\u0142\u0105cznie na po\u017cytku publicznym<\/span><\/span><span data-path-to-node=\"11,11\">.<\/span><\/p><p data-path-to-node=\"12\">Nad realizacj\u0105 naszych cel\u00f3w czuwa do\u015bwiadczony zesp\u00f3\u0142:<\/p><ul data-path-to-node=\"13\"><li><p id=\"p-rc_7ed2723ab1de0467-87\" data-path-to-node=\"13,0,1\"><span data-path-to-node=\"13,0,1,0\"><b data-path-to-node=\"13,0,1,0\" data-index-in-node=\"0\"><span class=\"citation-307\">Zarz\u0105d<\/span><\/b><span class=\"citation-307\">: Joanna Moore (Prezes) oraz Marissa Kwapich (Cz\u0142onek Zarz\u0105du)<\/span><\/span><span data-path-to-node=\"13,0,1,2\">.<\/span><\/p><\/li><li><p id=\"p-rc_7ed2723ab1de0467-88\" data-path-to-node=\"13,1,1\"><span data-path-to-node=\"13,1,1,0\"><b data-path-to-node=\"13,1,1,0\" data-index-in-node=\"0\"><span class=\"citation-306\">Rada Nadzorcza<\/span><\/b><span class=\"citation-306\">: Tomasz Bobowski (Przewodnicz\u0105cy), Stanis\u0142aw Szcze\u015bniak oraz Waldemar Krzystek<\/span><\/span><span data-path-to-node=\"13,1,1,2\">.<\/span><\/p><\/li><\/ul><p>\u00a0<\/p>\t\t\t\t\t\t\t\t<\/div>\n\t\t\t\t<\/div>\n\t\t\t\t\t<\/div>\n\t\t<\/div>\n\t\t\t\t<div class=\"elementor-column elementor-col-33 elementor-top-column elementor-element elementor-element-0b48ca8\" data-id=\"0b48ca8\" data-element_type=\"column\" data-e-type=\"column\" data-settings=\"{&quot;background_background&quot;:&quot;classic&quot;}\">\n\t\t\t<div class=\"elementor-widget-wrap elementor-element-populated\">\n\t\t\t\t\t<div class=\"elementor-background-overlay\"><\/div>\n\t\t\t\t\t\t<div class=\"elementor-element elementor-element-12dbef3 elementor-widget elementor-widget-spacer\" data-id=\"12dbef3\" data-element_type=\"widget\" data-e-type=\"widget\" data-widget_type=\"spacer.default\">\n\t\t\t\t<div class=\"elementor-widget-container\">\n\t\t\t\t\t\t\t<div class=\"elementor-spacer\">\n\t\t\t<div class=\"elementor-spacer-inner\"><\/div>\n\t\t<\/div>\n\t\t\t\t\t\t<\/div>\n\t\t\t\t<\/div>\n\t\t\t\t\t<\/div>\n\t\t<\/div>\n\t\t\t\t<div class=\"elementor-column elementor-col-33 elementor-top-column elementor-element elementor-element-0d46ec2\" data-id=\"0d46ec2\" data-element_type=\"column\" data-e-type=\"column\">\n\t\t\t<div class=\"elementor-widget-wrap elementor-element-populated\">\n\t\t\t\t\t\t<section class=\"elementor-section elementor-inner-section elementor-element elementor-element-afdaa76 elementor-section-boxed elementor-section-height-default elementor-section-height-default\" data-id=\"afdaa76\" data-element_type=\"section\" data-e-type=\"section\">\n\t\t\t\t\t\t<div class=\"elementor-container elementor-column-gap-default\">\n\t\t\t\t\t<div class=\"elementor-column elementor-col-33 elementor-inner-column elementor-element elementor-element-2dd22b1\" data-id=\"2dd22b1\" data-element_type=\"column\" data-e-type=\"column\">\n\t\t\t<div class=\"elementor-widget-wrap elementor-element-populated\">\n\t\t\t\t\t\t<div class=\"elementor-element elementor-element-ec620ed elementor-view-default elementor-widget elementor-widget-icon\" data-id=\"ec620ed\" data-element_type=\"widget\" data-e-type=\"widget\" data-widget_type=\"icon.default\">\n\t\t\t\t<div class=\"elementor-widget-container\">\n\t\t\t\t\t\t\t<div class=\"elementor-icon-wrapper\">\n\t\t\t<div class=\"elementor-icon\">\n\t\t\t<i aria-hidden=\"true\" class=\"fas fa-info-circle\"><\/i>\t\t\t<\/div>\n\t\t<\/div>\n\t\t\t\t\t\t<\/div>\n\t\t\t\t<\/div>\n\t\t\t\t\t<\/div>\n\t\t<\/div>\n\t\t\t\t<div class=\"elementor-column elementor-col-66 elementor-inner-column elementor-element elementor-element-dd71fe3\" data-id=\"dd71fe3\" data-element_type=\"column\" data-e-type=\"column\">\n\t\t\t<div class=\"elementor-widget-wrap elementor-element-populated\">\n\t\t\t\t\t\t<div class=\"elementor-element elementor-element-da32f9d elementor-vertical-align-middle elementor-widget elementor-widget-image-box\" data-id=\"da32f9d\" data-element_type=\"widget\" data-e-type=\"widget\" data-widget_type=\"image-box.default\">\n\t\t\t\t<div class=\"elementor-widget-container\">\n\t\t\t\t\t<div class=\"elementor-image-box-wrapper\"><div class=\"elementor-image-box-content\"><h4 class=\"elementor-image-box-title\">Dzia\u0142alno\u015b\u0107 Statutowa<\/h4><\/div><\/div>\t\t\t\t<\/div>\n\t\t\t\t<\/div>\n\t\t\t\t<div class=\"elementor-element elementor-element-363a0c7 elementor-widget elementor-widget-text-editor\" data-id=\"363a0c7\" data-element_type=\"widget\" data-e-type=\"widget\" data-widget_type=\"text-editor.default\">\n\t\t\t\t<div class=\"elementor-widget-container\">\n\t\t\t\t\t\t\t\t\t<p data-path-to-node=\"8\"><span data-path-to-node=\"8,1\"><span class=\"citation-314\">Fundacja \u201ePojednanie\u201d to nie tylko mury, ale przede wszystkim realne wsparcie dla ludzi<\/span><\/span><span data-path-to-node=\"8,3\">. Nasz szeroki zakres dzia\u0142alno\u015bci statutowej obejmuje m.in.:<\/span><\/p><ul data-path-to-node=\"9\"><li><p data-path-to-node=\"9,0,1\"><span data-path-to-node=\"9,0,1,0\"><b data-path-to-node=\"9,0,1,0\" data-index-in-node=\"0\"><span class=\"citation-313\">Pomoc spo\u0142eczn\u0105<\/span><\/b><span class=\"citation-313\">: Zar\u00f3wno z zakwaterowaniem (PKD 87.30.Z), jak i bez zakwaterowania dla senior\u00f3w oraz os\u00f3b niepe\u0142nosprawnych (PKD 88.10.Z)<\/span><\/span><span data-path-to-node=\"9,0,1,2\">.<\/span><\/p><\/li><li><p data-path-to-node=\"9,0,1\"><span style=\"font-size: 16px;\" data-path-to-node=\"9,1,1,0\"><b data-path-to-node=\"9,1,1,0\" data-index-in-node=\"0\"><span class=\"citation-312\">Opiek\u0119 zdrowotn\u0105<\/span><\/b><span class=\"citation-312\">: Dzia\u0142ania w zakresie ochrony zdrowia (PKD 86.90.F)<\/span><\/span><span style=\"font-size: 16px;\" data-path-to-node=\"9,1,1,2\">.<\/span><\/p><\/li><li><p data-path-to-node=\"9,0,1\"><span style=\"font-size: 16px;\" data-path-to-node=\"9,2,1,0\"><b data-path-to-node=\"9,2,1,0\" data-index-in-node=\"0\"><span class=\"citation-311\">Edukacj\u0119<\/span><\/b><span class=\"citation-311\">: Od plac\u00f3wek wychowania przedszkolnego, przez szkolnictwo wy\u017csze, a\u017c po kszta\u0142cenie ustawiczne doros\u0142ych<\/span><\/span><span style=\"font-size: 16px;\" data-path-to-node=\"9,2,1,2\">.<\/span><\/p><\/li><\/ul>\t\t\t\t\t\t\t\t<\/div>\n\t\t\t\t<\/div>\n\t\t\t\t\t<\/div>\n\t\t<\/div>\n\t\t\t\t\t<\/div>\n\t\t<\/section>\n\t\t\t\t\t<\/div>\n\t\t<\/div>\n\t\t\t\t\t<\/div>\n\t\t<\/section>\n\t\t\t\t<\/div>\n\t\t","protected":false},"excerpt":{"rendered":"<p>Poznaj nasz\u0105 misj\u0119 i histori\u0119 Fundacja \u201ePojednanie\u201d Budujemy mosty mi\u0119dzy przesz\u0142o\u015bci\u0105 a przysz\u0142o\u015bci\u0105 Fundacja \u201ePojednanie\u201d, z siedzib\u0105 w \u015awiebodzicach przy ul. Strzegomskiej 1\/3, to organizacja powo\u0142ana na czas nieoznaczony, kt\u00f3rej fundamentem jest ochrona dziedzictwa kulturowego oraz aktywna pomoc potrzebuj\u0105cym. Od momentu wpisania do Krajowego Rejestru S\u0105dowego pod numerem KRS: 0000888734, konsekwentnie budujemy przestrze\u0144, w kt\u00f3rej [&hellip;]<\/p>\n","protected":false},"author":1,"featured_media":0,"parent":0,"menu_order":0,"comment_status":"closed","ping_status":"closed","template":"","meta":{"site-sidebar-layout":"no-sidebar","site-content-layout":"page-builder","ast-site-content-layout":"default","site-content-style":"default","site-sidebar-style":"default","ast-global-header-display":"","ast-banner-title-visibility":"","ast-main-header-display":"","ast-hfb-above-header-display":"","ast-hfb-below-header-display":"","ast-hfb-mobile-header-display":"","site-post-title":"disabled","ast-breadcrumbs-content":"disabled","ast-featured-img":"disabled","footer-sml-layout":"","ast-disable-related-posts":"","theme-transparent-header-meta":"default","adv-header-id-meta":"","stick-header-meta":"","header-above-stick-meta":"","header-main-stick-meta":"","header-below-stick-meta":"","astra-migrate-meta-layouts":"default","ast-page-background-enabled":"default","ast-page-background-meta":{"desktop":{"background-color":"var(--ast-global-color-4)","background-image":"","background-repeat":"repeat","background-position":"center center","background-size":"auto","background-attachment":"scroll","background-type":"","background-media":"","overlay-type":"","overlay-color":"","overlay-opacity":"","overlay-gradient":""},"tablet":{"background-color":"","background-image":"","background-repeat":"repeat","background-position":"center center","background-size":"auto","background-attachment":"scroll","background-type":"","background-media":"","overlay-type":"","overlay-color":"","overlay-opacity":"","overlay-gradient":""},"mobile":{"background-color":"","background-image":"","background-repeat":"repeat","background-position":"center center","background-size":"auto","background-attachment":"scroll","background-type":"","background-media":"","overlay-type":"","overlay-color":"","overlay-opacity":"","overlay-gradient":""}},"ast-content-background-meta":{"desktop":{"background-color":"var(--ast-global-color-5)","background-image":"","background-repeat":"repeat","background-position":"center center","background-size":"auto","background-attachment":"scroll","background-type":"","background-media":"","overlay-type":"","overlay-color":"","overlay-opacity":"","overlay-gradient":""},"tablet":{"background-color":"var(--ast-global-color-5)","background-image":"","background-repeat":"repeat","background-position":"center center","background-size":"auto","background-attachment":"scroll","background-type":"","background-media":"","overlay-type":"","overlay-color":"","overlay-opacity":"","overlay-gradient":""},"mobile":{"background-color":"var(--ast-global-color-5)","background-image":"","background-repeat":"repeat","background-position":"center center","background-size":"auto","background-attachment":"scroll","background-type":"","background-media":"","overlay-type":"","overlay-color":"","overlay-opacity":"","overlay-gradient":""}},"footnotes":""},"class_list":["post-593","page","type-page","status-publish","hentry"],"yoast_head":"<!-- This site is optimized with the Yoast SEO plugin v27.3 - https:\/\/yoast.com\/product\/yoast-seo-wordpress\/ -->\n<title>O Fundacji - FUNDACJA &quot;POJEDNANIE&quot;<\/title>\n<meta name=\"robots\" content=\"index, follow, max-snippet:-1, max-image-preview:large, max-video-preview:-1\" \/>\n<link rel=\"canonical\" href=\"https:\/\/pojednanie.org.pl\/index.php\/o-fundacji\/\" \/>\n<meta property=\"og:locale\" content=\"pl_PL\" \/>\n<meta property=\"og:type\" content=\"article\" \/>\n<meta property=\"og:title\" content=\"O Fundacji - FUNDACJA &quot;POJEDNANIE&quot;\" \/>\n<meta property=\"og:description\" content=\"Poznaj nasz\u0105 misj\u0119 i histori\u0119 Fundacja \u201ePojednanie\u201d Budujemy mosty mi\u0119dzy przesz\u0142o\u015bci\u0105 a przysz\u0142o\u015bci\u0105 Fundacja \u201ePojednanie\u201d, z siedzib\u0105 w \u015awiebodzicach przy ul. Strzegomskiej 1\/3, to organizacja powo\u0142ana na czas nieoznaczony, kt\u00f3rej fundamentem jest ochrona dziedzictwa kulturowego oraz aktywna pomoc potrzebuj\u0105cym. Od momentu wpisania do Krajowego Rejestru S\u0105dowego pod numerem KRS: 0000888734, konsekwentnie budujemy przestrze\u0144, w kt\u00f3rej [&hellip;]\" \/>\n<meta property=\"og:url\" content=\"https:\/\/pojednanie.org.pl\/index.php\/o-fundacji\/\" \/>\n<meta property=\"og:site_name\" content=\"FUNDACJA &quot;POJEDNANIE&quot;\" \/>\n<meta property=\"article:modified_time\" content=\"2026-03-23T17:05:09+00:00\" \/>\n<meta name=\"twitter:card\" content=\"summary_large_image\" \/>\n<meta name=\"twitter:label1\" content=\"Szacowany czas czytania\" \/>\n\t<meta name=\"twitter:data1\" content=\"2 minuty\" \/>\n<script type=\"application\/ld+json\" class=\"yoast-schema-graph\">{\"@context\":\"https:\\\/\\\/schema.org\",\"@graph\":[{\"@type\":\"WebPage\",\"@id\":\"https:\\\/\\\/pojednanie.org.pl\\\/index.php\\\/o-fundacji\\\/\",\"url\":\"https:\\\/\\\/pojednanie.org.pl\\\/index.php\\\/o-fundacji\\\/\",\"name\":\"O Fundacji - FUNDACJA &quot;POJEDNANIE&quot;\",\"isPartOf\":{\"@id\":\"https:\\\/\\\/pojednanie.org.pl\\\/#website\"},\"datePublished\":\"2026-03-23T16:47:03+00:00\",\"dateModified\":\"2026-03-23T17:05:09+00:00\",\"breadcrumb\":{\"@id\":\"https:\\\/\\\/pojednanie.org.pl\\\/index.php\\\/o-fundacji\\\/#breadcrumb\"},\"inLanguage\":\"pl-PL\",\"potentialAction\":[{\"@type\":\"ReadAction\",\"target\":[\"https:\\\/\\\/pojednanie.org.pl\\\/index.php\\\/o-fundacji\\\/\"]}]},{\"@type\":\"BreadcrumbList\",\"@id\":\"https:\\\/\\\/pojednanie.org.pl\\\/index.php\\\/o-fundacji\\\/#breadcrumb\",\"itemListElement\":[{\"@type\":\"ListItem\",\"position\":1,\"name\":\"Strona g\u0142\u00f3wna\",\"item\":\"https:\\\/\\\/pojednanie.org.pl\\\/\"},{\"@type\":\"ListItem\",\"position\":2,\"name\":\"O Fundacji\"}]},{\"@type\":\"WebSite\",\"@id\":\"https:\\\/\\\/pojednanie.org.pl\\\/#website\",\"url\":\"https:\\\/\\\/pojednanie.org.pl\\\/\",\"name\":\"FUNDACJA &quot;POJEDNANIE&quot;\",\"description\":\"Dzia\u0142ania w zakresie ochrony zdrowia, opieki i pomocy spo\u0142ecznej, a tak\u017ce ochrony nad zabytkami\",\"potentialAction\":[{\"@type\":\"SearchAction\",\"target\":{\"@type\":\"EntryPoint\",\"urlTemplate\":\"https:\\\/\\\/pojednanie.org.pl\\\/?s={search_term_string}\"},\"query-input\":{\"@type\":\"PropertyValueSpecification\",\"valueRequired\":true,\"valueName\":\"search_term_string\"}}],\"inLanguage\":\"pl-PL\"}]}<\/script>\n<!-- \/ Yoast SEO plugin. -->","yoast_head_json":{"title":"O Fundacji - FUNDACJA &quot;POJEDNANIE&quot;","robots":{"index":"index","follow":"follow","max-snippet":"max-snippet:-1","max-image-preview":"max-image-preview:large","max-video-preview":"max-video-preview:-1"},"canonical":"https:\/\/pojednanie.org.pl\/index.php\/o-fundacji\/","og_locale":"pl_PL","og_type":"article","og_title":"O Fundacji - FUNDACJA &quot;POJEDNANIE&quot;","og_description":"Poznaj nasz\u0105 misj\u0119 i histori\u0119 Fundacja \u201ePojednanie\u201d Budujemy mosty mi\u0119dzy przesz\u0142o\u015bci\u0105 a przysz\u0142o\u015bci\u0105 Fundacja \u201ePojednanie\u201d, z siedzib\u0105 w \u015awiebodzicach przy ul. Strzegomskiej 1\/3, to organizacja powo\u0142ana na czas nieoznaczony, kt\u00f3rej fundamentem jest ochrona dziedzictwa kulturowego oraz aktywna pomoc potrzebuj\u0105cym. Od momentu wpisania do Krajowego Rejestru S\u0105dowego pod numerem KRS: 0000888734, konsekwentnie budujemy przestrze\u0144, w kt\u00f3rej [&hellip;]","og_url":"https:\/\/pojednanie.org.pl\/index.php\/o-fundacji\/","og_site_name":"FUNDACJA &quot;POJEDNANIE&quot;","article_modified_time":"2026-03-23T17:05:09+00:00","twitter_card":"summary_large_image","twitter_misc":{"Szacowany czas czytania":"2 minuty"},"schema":{"@context":"https:\/\/schema.org","@graph":[{"@type":"WebPage","@id":"https:\/\/pojednanie.org.pl\/index.php\/o-fundacji\/","url":"https:\/\/pojednanie.org.pl\/index.php\/o-fundacji\/","name":"O Fundacji - FUNDACJA &quot;POJEDNANIE&quot;","isPartOf":{"@id":"https:\/\/pojednanie.org.pl\/#website"},"datePublished":"2026-03-23T16:47:03+00:00","dateModified":"2026-03-23T17:05:09+00:00","breadcrumb":{"@id":"https:\/\/pojednanie.org.pl\/index.php\/o-fundacji\/#breadcrumb"},"inLanguage":"pl-PL","potentialAction":[{"@type":"ReadAction","target":["https:\/\/pojednanie.org.pl\/index.php\/o-fundacji\/"]}]},{"@type":"BreadcrumbList","@id":"https:\/\/pojednanie.org.pl\/index.php\/o-fundacji\/#breadcrumb","itemListElement":[{"@type":"ListItem","position":1,"name":"Strona g\u0142\u00f3wna","item":"https:\/\/pojednanie.org.pl\/"},{"@type":"ListItem","position":2,"name":"O Fundacji"}]},{"@type":"WebSite","@id":"https:\/\/pojednanie.org.pl\/#website","url":"https:\/\/pojednanie.org.pl\/","name":"FUNDACJA &quot;POJEDNANIE&quot;","description":"Dzia\u0142ania w zakresie ochrony zdrowia, opieki i pomocy spo\u0142ecznej, a tak\u017ce ochrony nad zabytkami","potentialAction":[{"@type":"SearchAction","target":{"@type":"EntryPoint","urlTemplate":"https:\/\/pojednanie.org.pl\/?s={search_term_string}"},"query-input":{"@type":"PropertyValueSpecification","valueRequired":true,"valueName":"search_term_string"}}],"inLanguage":"pl-PL"}]}},"_links":{"self":[{"href":"https:\/\/pojednanie.org.pl\/index.php\/wp-json\/wp\/v2\/pages\/593","targetHints":{"allow":["GET"]}}],"collection":[{"href":"https:\/\/pojednanie.org.pl\/index.php\/wp-json\/wp\/v2\/pages"}],"about":[{"href":"https:\/\/pojednanie.org.pl\/index.php\/wp-json\/wp\/v2\/types\/page"}],"author":[{"embeddable":true,"href":"https:\/\/pojednanie.org.pl\/index.php\/wp-json\/wp\/v2\/users\/1"}],"replies":[{"embeddable":true,"href":"https:\/\/pojednanie.org.pl\/index.php\/wp-json\/wp\/v2\/comments?post=593"}],"version-history":[{"count":37,"href":"https:\/\/pojednanie.org.pl\/index.php\/wp-json\/wp\/v2\/pages\/593\/revisions"}],"predecessor-version":[{"id":639,"href":"https:\/\/pojednanie.org.pl\/index.php\/wp-json\/wp\/v2\/pages\/593\/revisions\/639"}],"wp:attachment":[{"href":"https:\/\/pojednanie.org.pl\/index.php\/wp-json\/wp\/v2\/media?parent=593"}],"curies":[{"name":"wp","href":"https:\/\/api.w.org\/{rel}","templated":true}]}}